{"id":10211,"date":"2020-09-04T10:26:10","date_gmt":"2020-09-04T08:26:10","guid":{"rendered":"https:\/\/formation.sesan.fr\/ortif\/?page_id=10211"},"modified":"2020-10-02T16:32:05","modified_gmt":"2020-10-02T14:32:05","slug":"bienvenu-sur-la-plateforme-e-learning-ortif-accueil-vnat","status":"publish","type":"page","link":"https:\/\/preprod-formation.sesan.fr\/ortif\/","title":{"rendered":"Bienvenue sur la plateforme e-learning ORTIF"},"content":{"rendered":"<p>Sur ce site de formation ORTIF, retrouvez :<\/p>\n<ul>\n<li>des tutoriels d\u2019utilisation regroup\u00e9s par th\u00e8me<\/li>\n<li>des cr\u00e9neaux de formations \u00e0 distance<\/li>\n<li>des sessions de webinaires<\/li>\n<\/ul>\n<div class=\"homeBloc\" style=\"padding: 0; margin-top: 0; margin-bottom: 50px; width: 100%; display: flex; flex-wrap: wrap; justify-content: space-around;\">\n<div class=\"liens\" style=\"padding: 0; margin: 10px;\"><a class=\"btn1\" style=\"width: auto; font-size: 16px;\" href=\"https:\/\/formation.sesan.fr\/ortif\/cours-et-exercices\/\" target=\"_blank\" rel=\"noopener\">Consultez les tutoriels<\/a><\/div>\n<div class=\"liens\" style=\"padding: 0; margin: 10px;\"><a class=\"btn1\" style=\"width: auto; font-size: 16px;\" href=\"https:\/\/formation.sesan.fr\/ortif\/agenda\/categories\/sessions-de-formation-en-ligne\/\" target=\"_blank\" rel=\"noopener\">Inscrivez-vous \u00e0 des sessions de formation<\/a><\/div>\n<div class=\"liens\" style=\"padding: 0; margin: 10px;\"><a class=\"btn1\" style=\"width: auto; font-size: 16px;\" href=\"https:\/\/formation.sesan.fr\/ortif\/agenda\/categories\/webinaires-de-presentation\/\" target=\"_blank\" rel=\"noopener\">Participez aux webinaires<\/a><\/div>\n<\/div>\n<p>D\u2019autres informations sont \u00e9galement disponibles :<\/p>\n<ul>\n<li>des exemples d\u2019utilisation actuelle de ORTIF<\/li>\n<li>des \u00e9l\u00e9ments de contexte li\u00e9s \u00e0 la mise en place des projets de t\u00e9l\u00e9m\u00e9decine<\/li>\n<li>la liste des \u00e9tablissements en Ile de France \u00e9quip\u00e9s de ORTIF<\/li>\n<li>des r\u00e9ponses aux questions les plus r\u00e9currentes<\/li>\n<li>demandez un acc\u00e8s au d\u00e9monstrateur ORTIF<\/li>\n<\/ul>\n<div class=\"homeBloc\" style=\"padding: 0; margin-top: 0; margin-bottom: 50px; width: 100%; display: flex; flex-wrap: wrap; justify-content: space-around;\">\n<div class=\"liens\" style=\"padding: 0; margin: 10px;\"><a class=\"btn1\" style=\"width: auto; font-size: 16px;\" href=\"https:\/\/formation.sesan.fr\/ortif\/cas-dusage\/\" target=\"_blank\" rel=\"noopener\">Exemples d&rsquo;utilisation<\/a><\/div>\n<div class=\"liens\" style=\"padding: 0; margin: 10px;\"><a class=\"btn1\" style=\"width: auto; font-size: 16px;\" href=\"https:\/\/formation.sesan.fr\/ortif\/bonnes-pratiques\/\" target=\"_blank\" rel=\"noopener\">Prise en main de la t\u00e9l\u00e9m\u00e9decine<\/a><\/div>\n<div class=\"liens\" style=\"padding: 0; margin: 10px;\"><a class=\"btn1\" style=\"width: auto; font-size: 16px;\" href=\"https:\/\/santegraphie.fr\/mviewer\/?config=app\/ortif\/ortif.xml#\" target=\"_blank\" rel=\"noopener noreferrer\">Consultez la liste des \u00e9tablissements du r\u00e9seau ORTIF<\/a><\/div>\n<div class=\"liens\" style=\"padding: 0; margin: 10px;\"><a class=\"btn1\" style=\"width: auto; font-size: 16px;\" href=\"https:\/\/formation.sesan.fr\/ortif\/faq\/\" target=\"_blank\" rel=\"noopener\">Questions \/ R\u00e9ponses<\/a><\/div>\n<div class=\"liens\" style=\"padding: 0; margin: 10px;\"><a class=\"btn1\" style=\"width: auto; font-size: 16px;\" href=\"https:\/\/formation.sesan.fr\/ortif\/demonstrateur-ortif\/\" target=\"_blank\" rel=\"noopener\">D\u00e9monstrateur ORTIF<\/a><\/div>\n<\/div>\n<div class=\"liens\" style=\"padding: 0; margin: 10px;\"><a class=\"btn1\" style=\"width: auto; font-size: 16px;\" href=\"https:\/\/formation.sesan.fr\/ortif\/contact\/\" target=\"_blank\" rel=\"noopener\">Pour contacter l&rsquo;\u00e9quipe ORTIF, cliquez ICI <\/a><\/div>\n","protected":false},"excerpt":{"rendered":"<p>Sur ce site de formation ORTIF, retrouvez : des tutoriels d\u2019utilisation regroup\u00e9s par th\u00e8me des cr\u00e9neaux de formations \u00e0 distance des sessions de webinaires Consultez les tutoriels Inscrivez-vous \u00e0 des [&hellip;]<\/p>\n","protected":false},"author":7,"featured_media":0,"parent":0,"menu_order":0,"comment_status":"closed","ping_status":"closed","template":"","meta":{"_acf_changed":false,"footnotes":""},"class_list":["post-10211","page","type-page","status-publish","hentry"],"acf":[],"publishpress_future_action":{"enabled":false,"date":"2026-04-20 00:08:36","action":"change-status","newStatus":"draft","terms":[],"taxonomy":"","extraData":[]},"publishpress_future_workflow_manual_trigger":{"enabledWorkflows":[]},"_links":{"self":[{"href":"https:\/\/preprod-formation.sesan.fr\/ortif\/wp-json\/wp\/v2\/pages\/10211","targetHints":{"allow":["GET"]}}],"collection":[{"href":"https:\/\/preprod-formation.sesan.fr\/ortif\/wp-json\/wp\/v2\/pages"}],"about":[{"href":"https:\/\/preprod-formation.sesan.fr\/ortif\/wp-json\/wp\/v2\/types\/page"}],"author":[{"embeddable":true,"href":"https:\/\/preprod-formation.sesan.fr\/ortif\/wp-json\/wp\/v2\/users\/7"}],"replies":[{"embeddable":true,"href":"https:\/\/preprod-formation.sesan.fr\/ortif\/wp-json\/wp\/v2\/comments?post=10211"}],"version-history":[{"count":87,"href":"https:\/\/preprod-formation.sesan.fr\/ortif\/wp-json\/wp\/v2\/pages\/10211\/revisions"}],"predecessor-version":[{"id":10881,"href":"https:\/\/preprod-formation.sesan.fr\/ortif\/wp-json\/wp\/v2\/pages\/10211\/revisions\/10881"}],"wp:attachment":[{"href":"https:\/\/preprod-formation.sesan.fr\/ortif\/wp-json\/wp\/v2\/media?parent=10211"}],"curies":[{"name":"wp","href":"https:\/\/api.w.org\/{rel}","templated":true}]}}