{"id":2555,"date":"2021-05-26T09:07:52","date_gmt":"2021-05-26T07:07:52","guid":{"rendered":"https:\/\/formation.sesan.fr\/terr-esante\/?page_id=2555"},"modified":"2022-01-13T16:54:15","modified_gmt":"2022-01-13T15:54:15","slug":"terr-esante-decouverte-de-la-solution","status":"publish","type":"page","link":"https:\/\/preprod-formation.sesan.fr\/terr-esante\/terr-esante-decouverte-de-la-solution\/","title":{"rendered":"Terr-eSant\u00e9 &#8211; Module DECOUVERTE DE LA SOLUTION"},"content":{"rendered":"<ol>\n<li>Sommaire :<\/li>\n<\/ol>\n<ul>\n<li><a href=\"#intro\">Qu&rsquo;est-ce que Terr-eSant\u00e9 ?<\/a><\/li>\n<li><a href=\"#interface\">Naviguez dans votre interface d\u2019Accueil personnelle<\/a><\/li>\n<li><a href=\"#dossier\">Rechercher un dossier patient<\/a><\/li>\n<li><a href=\"#creer\">Cr\u00e9er un dossier patient<\/a><\/li>\n<li><a href=\"#cercle\">Acc\u00e9der au cercle de soins du patient<\/a><\/li>\n<li><a href=\"#resume\">Communiquer &amp; avoir une vision globale du patient via le R\u00e9sum\u00e9 patient<\/a><\/li>\n<li><a href=\"#synthese\">Conna\u00eetre l&rsquo;historique du patient via la Synth\u00e8se temporelle<\/a><\/li>\n<li><a href=\"#document\">Consulter et partager des documents<\/a><\/li>\n<li><a href=\"#acteurs\">Consulter et ajouter des acteurs dans le cercle de soins<\/a><\/li>\n<\/ul>\n<p>Versions enregistr\u00e9es D\u00e9c. 2021<\/p>\n<p><span style=\"display: inline !important; float: none; background-color: #ffffff; color: #000000; cursor: text; font-family: 'Open Sans',sans-serif; font-size: 14px; font-style: normal; font-variant: normal; font-weight: 400; letter-spacing: normal; orphans: 2; text-align: left; text-decoration: none; text-indent: 0px; text-transform: none; -webkit-text-stroke-width: 0px; white-space: normal; word-spacing: 0px;\">Pour toute interrogation n&rsquo;h\u00e9sitez pas \u00e0 consulter notre <\/span><a href=\"https:\/\/formation.sesan.fr\/terr-esante\/faq\/\" target=\"_blank\" rel=\"noopener\">FAQ<\/a><span style=\"display: inline !important; float: none; background-color: #ffffff; color: #000000; cursor: text; font-family: 'Open Sans',sans-serif; font-size: 14px; font-style: normal; font-variant: normal; font-weight: 400; letter-spacing: normal; orphans: 2; text-align: left; text-decoration: none; text-indent: 0px; text-transform: none; -webkit-text-stroke-width: 0px; white-space: normal; word-spacing: 0px;\"> ou \u00e0 prendre contact avec notre <\/span><a href=\"https:\/\/formation.sesan.fr\/terr-esante\/#contact\" target=\"_blank\" rel=\"noopener\">service support<\/a><span style=\"display: inline !important; float: none; background-color: #ffffff; color: #000000; cursor: text; font-family: 'Open Sans',sans-serif; font-size: 14px; font-style: normal; font-variant: normal; font-weight: 400; letter-spacing: normal; orphans: 2; text-align: left; text-decoration: none; text-indent: 0px; text-transform: none; -webkit-text-stroke-width: 0px; white-space: normal; word-spacing: 0px;\">.<\/span><\/p>\n<p>&nbsp;<\/p>\n<ol>\n<li>\n<h4>Pour introduire ce cycle de d\u00e9couverte de la plateforme Terr-eSant\u00e9 nous vous invitons \u00e0 consulter cette 1\u00e8re <strong>VIDEO INTRODUCTIVE<\/strong> o\u00f9 nous pr\u00e9sentons le contexte, les objectifs et ce que vous pourrez faire avec Terr-eSant\u00e9. En clair <strong>QU&rsquo;EST-CE QUE TERR-eSANTE ?<\/strong><\/h4>\n<\/li>\n<\/ol>\n<div style=\"width: 1920px;\" class=\"wp-video\"><!--[if lt IE 9]><script>document.createElement('video');<\/script><![endif]-->\n<video class=\"wp-video-shortcode\" id=\"video-2555-1\" width=\"1920\" height=\"1080\" poster=\"https:\/\/formation.sesan.fr\/terr-esante\/wp-content\/uploads\/sites\/3\/2020\/12\/00-INTRO-Terr-eSante-2.png\" preload=\"metadata\" controls=\"controls\"><source type=\"video\/mp4\" src=\"https:\/\/formation.sesan.fr\/terr-esante\/wp-content\/uploads\/sites\/3\/2020\/12\/00-Introduction-presentation-Terr-eSante.mp4?_=1\" \/><a href=\"https:\/\/formation.sesan.fr\/terr-esante\/wp-content\/uploads\/sites\/3\/2020\/12\/00-Introduction-presentation-Terr-eSante.mp4\" target=\"_blank\" rel=\"noopener\">https:\/\/formation.sesan.fr\/terr-esante\/wp-content\/uploads\/sites\/3\/2020\/12\/00-Introduction-presentation-Terr-eSante.mp4<\/a><\/video><\/div>\n<p>&nbsp;<\/p>\n<ol>\n<li><\/li>\n<li>\n<h4 id=\"interface\">Avant de d\u00e9couvrir plus en d\u00e9tail Terr-eSant\u00e9 voil\u00e0 une pr\u00e9sentation de <strong>NAVIGUER DANS VOTRE INTERFACE D&rsquo;ACCUEIL PERSONNELLE<\/strong> :<\/h4>\n<\/li>\n<\/ol>\n<p><iframe title=\"YouTube video player\" src=\"https:\/\/www.youtube.com\/embed\/G5gSFg9Ics8\" width=\"560\" height=\"315\" frameborder=\"0\" allowfullscreen=\"allowfullscreen\"><\/iframe><\/p>\n<ol>\n<li>\n<h4 id=\"dossier\">Dans le cadre de ce PARCOURS DECOUVERTE, savoir <strong>RECHERCHER UN DOSSIER PATIENT\u00a0<\/strong> semble \u00eatre une bonne entr\u00e9e en mati\u00e8re dans la solution Terr-eSant\u00e9.<\/h4>\n<\/li>\n<\/ol>\n<p><iframe title=\"YouTube video player\" src=\"https:\/\/www.youtube.com\/embed\/-Z6CeWKv064\" width=\"560\" height=\"315\" frameborder=\"0\" allowfullscreen=\"allowfullscreen\"><\/iframe><\/p>\n<ol>\n<li><\/li>\n<li>\n<h4 id=\"creer\">De plus, en cas d&rsquo;absence de dossier dans Terr-eSant\u00e9, il est important de savoir <strong>CREER UN DOSSIER PATIENT<\/strong> dans la plateforme. Voyons ici comment s&rsquo;y prendre:<\/h4>\n<\/li>\n<\/ol>\n<p><iframe title=\"YouTube video player\" src=\"https:\/\/www.youtube.com\/embed\/u-wT3_1_YRM\" width=\"560\" height=\"315\" frameborder=\"0\" allowfullscreen=\"allowfullscreen\"><\/iframe><\/p>\n<p>ATTENTION :<strong> Le patient doit \u00eatre inform\u00e9 de la cr\u00e9ation de son dossier patient<\/strong>.<\/p>\n<ol>\n<li>\n<h4 id=\"cercle\">Afin d&rsquo;acc\u00e9der au dossier du patient il est donc essentiel de faire partie de son <strong>CERCLE de SOINS<\/strong> voyons ici comment y <strong>ACCEDER<\/strong>:<\/h4>\n<\/li>\n<\/ol>\n<p><iframe title=\"YouTube video player\" src=\"https:\/\/www.youtube.com\/embed\/BnNgdRtNgjg\" width=\"560\" height=\"315\" frameborder=\"0\" allowfullscreen=\"allowfullscreen\"><\/iframe><\/p>\n<ol>\n<li>\n<h4 id=\"resume\">Une fois dans le Dossier du Patient il est important de comprendre comment les professionnels de sant\u00e9 peuvent <strong>COMMUNIQUER <\/strong>\u00e0 travers le <strong>RESUME DU PATIENT<\/strong> et avoir une vision globale du patient.<\/h4>\n<\/li>\n<\/ol>\n<p><iframe title=\"YouTube video player\" src=\"https:\/\/www.youtube.com\/embed\/td6qQjakW64\" width=\"560\" height=\"315\" frameborder=\"0\" allowfullscreen=\"allowfullscreen\"><\/iframe><\/p>\n<p>ASTUCE: pour supprimer une note, vous pouvez contacter le support <a href=\"support@terr-esante.fr\">(contact@terr-esante.fr)<\/a>.<\/p>\n<p>Une interop\u00e9rabilit\u00e9 avec un certain nombre de logiciels m\u00e9tiers permet de ne pas faire de double saisie de certaines informations dans le r\u00e9sum\u00e9 du patient. Pour retrouver les logiciels m\u00e9tiers compatibles \u00e0 ce jour* avec la solution Terr-eSant\u00e9, consultez la liste sur notre <a href=\"https:\/\/formation-new.sesan.fr\/terr-esante\/faq\/\" target=\"_blank\" rel=\"noopener\">FAQ<\/a>.<\/p>\n<p>*liste en constante \u00e9volution<\/p>\n<ol>\n<li>\n<h4 id=\"synthese\">En plus de ce R\u00e9sum\u00e9 du patient, la<strong> SYNTHESE TEMPORELLE<\/strong> est un \u00e9l\u00e9ment cl\u00e9 de Terr-eSant\u00e9 puisqu&rsquo;il vous apportera des informations essentielles sur l&rsquo;historique de sant\u00e9 du patient:<\/h4>\n<\/li>\n<\/ol>\n<p><iframe title=\"YouTube video player\" src=\"https:\/\/www.youtube.com\/embed\/MxyoXT9dQ2E\" width=\"560\" height=\"315\" frameborder=\"0\" allowfullscreen=\"allowfullscreen\"><\/iframe><\/p>\n<ol>\n<li>\n<h4 id=\"document\">Vus dans la synth\u00e8se temporelle notamment, Terr-eSant\u00e9 permet de stocker des <strong>DOCUMENTS<\/strong> de suivi du patient. Ceux-ci peuvent aussi se retrouver dans l&rsquo;onglet sp\u00e9cifique \u00ab\u00a0<strong>DOCUMENTS<\/strong>\u00a0\u00bb d\u00e9crit dans la vid\u00e9o suivante:<\/h4>\n<\/li>\n<\/ol>\n<p><iframe title=\"YouTube video player\" src=\"https:\/\/www.youtube.com\/embed\/zhW7MlbPKtQ\" width=\"560\" height=\"315\" frameborder=\"0\" allowfullscreen=\"allowfullscreen\"><\/iframe><\/p>\n<ol>\n<li>\n<h4 id=\"acteurs\">Qui sont les<b> ACTEURS DU CERCLE DE SOINS<\/b> du patient ?<\/h4>\n<\/li>\n<\/ol>\n<p><iframe title=\"YouTube video player\" src=\"https:\/\/www.youtube.com\/embed\/eDlDU781HdU\" width=\"560\" height=\"315\" frameborder=\"0\" allowfullscreen=\"allowfullscreen\"><\/iframe><\/p>\n<p>Merci d&rsquo;avoir suivi ce cycle de formation. Pour rappel pour toute interrogation n&rsquo;h\u00e9sitez pas \u00e0 consulter notre <a href=\"https:\/\/formation.sesan.fr\/terr-esante\/faq\/\" target=\"_blank\" rel=\"noopener\">FAQ<\/a> ou \u00e0 prendre contact avec notre <a href=\"https:\/\/formation.sesan.fr\/terr-esante\/#contact\" target=\"_blank\" rel=\"noopener\">service support<\/a>.<\/p>\n<p>&nbsp;<\/p>\n","protected":false},"excerpt":{"rendered":"<p>Sommaire : Qu&rsquo;est-ce que Terr-eSant\u00e9 ? Naviguez dans votre interface d\u2019Accueil personnelle Rechercher un dossier patient Cr\u00e9er un dossier patient Acc\u00e9der au cercle de soins du patient Communiquer &amp; avoir [&hellip;]<\/p>\n","protected":false},"author":112,"featured_media":0,"parent":0,"menu_order":0,"comment_status":"closed","ping_status":"closed","template":"","meta":{"_acf_changed":false,"footnotes":""},"class_list":["post-2555","page","type-page","status-publish","hentry"],"acf":[],"publishpress_future_action":{"enabled":false,"date":"2026-05-01 22:13:54","action":"change-status","newStatus":"draft","terms":[],"taxonomy":"","extraData":[]},"publishpress_future_workflow_manual_trigger":{"enabledWorkflows":[]},"_links":{"self":[{"href":"https:\/\/preprod-formation.sesan.fr\/terr-esante\/wp-json\/wp\/v2\/pages\/2555","targetHints":{"allow":["GET"]}}],"collection":[{"href":"https:\/\/preprod-formation.sesan.fr\/terr-esante\/wp-json\/wp\/v2\/pages"}],"about":[{"href":"https:\/\/preprod-formation.sesan.fr\/terr-esante\/wp-json\/wp\/v2\/types\/page"}],"author":[{"embeddable":true,"href":"https:\/\/preprod-formation.sesan.fr\/terr-esante\/wp-json\/wp\/v2\/users\/112"}],"replies":[{"embeddable":true,"href":"https:\/\/preprod-formation.sesan.fr\/terr-esante\/wp-json\/wp\/v2\/comments?post=2555"}],"version-history":[{"count":21,"href":"https:\/\/preprod-formation.sesan.fr\/terr-esante\/wp-json\/wp\/v2\/pages\/2555\/revisions"}],"predecessor-version":[{"id":3540,"href":"https:\/\/preprod-formation.sesan.fr\/terr-esante\/wp-json\/wp\/v2\/pages\/2555\/revisions\/3540"}],"wp:attachment":[{"href":"https:\/\/preprod-formation.sesan.fr\/terr-esante\/wp-json\/wp\/v2\/media?parent=2555"}],"curies":[{"name":"wp","href":"https:\/\/api.w.org\/{rel}","templated":true}]}}